{"id":122,"date":"2026-03-10T06:27:24","date_gmt":"2026-03-10T06:27:24","guid":{"rendered":"https:\/\/www.server-85.de\/fleischereipetzold\/?page_id=122"},"modified":"2026-03-11T06:32:08","modified_gmt":"2026-03-11T06:32:08","slug":"impressum","status":"publish","type":"page","link":"https:\/\/www.fleischereipetzold.de\/index.php\/impressum\/","title":{"rendered":"Impressum"},"content":{"rendered":"\n<style type=\"text\/css\" data-created_by=\"avia_inline_auto\" id=\"style-css-av-av_section-f0e2a793f454abb90cf7d2e532e3c716\">\n.avia-section.av-av_section-f0e2a793f454abb90cf7d2e532e3c716{\nbackground-repeat:no-repeat;\nbackground-image:url(https:\/\/www.fleischereipetzold.de\/wp-content\/uploads\/2026\/03\/header-scaled.jpg);\nbackground-position:0% 0%;\nbackground-attachment:scroll;\n}\n.avia-section.av-av_section-f0e2a793f454abb90cf7d2e532e3c716 .av-section-color-overlay{\nopacity:0.3;\nbackground-color:#020202;\n}\n<\/style>\n<div id='av_section_1'  class='avia-section av-av_section-f0e2a793f454abb90cf7d2e532e3c716 main_color avia-section-default avia-no-border-styling  avia-builder-el-0  el_before_av_one_half  avia-builder-el-first  avia-bg-style-scroll av-section-color-overlay-active av-minimum-height av-minimum-height-50 av-height-50  container_wrap fullsize'  data-section-bg-repeat='no-repeat' data-av_minimum_height_pc='50' data-av_min_height_opt='50'><div class=\"av-section-color-overlay-wrap\"><div class=\"av-section-color-overlay\"><\/div><div class='container av-section-cont-open' ><main  role=\"main\" itemprop=\"mainContentOfPage\"  class='template-page content  av-content-full alpha units'><div class='post-entry post-entry-type-page post-entry-122'><div class='entry-content-wrapper clearfix'>\n<section  class='av_textblock_section av-mmlnkrx1-5d5ad9dc40a1b3693f447e322b0befb4 '   itemscope=\"itemscope\" itemtype=\"https:\/\/schema.org\/CreativeWork\" ><div class='avia_textblock'  itemprop=\"text\" ><h4 style=\"text-align: center;\">Impressum<\/h4>\n<\/div><\/section>\n<\/div><\/div><\/main><!-- close content main element --><\/div><\/div><\/div><div id='after_section_1'  class='main_color av_default_container_wrap container_wrap fullsize'  ><div class='container av-section-cont-open' ><div class='template-page content  av-content-full alpha units'><div class='post-entry post-entry-type-page post-entry-122'><div class='entry-content-wrapper clearfix'><div  class='flex_column av-av_one_half-a2cef933b0a555f25d1e39b22a8e9dae av_one_half  avia-builder-el-2  el_after_av_section  el_before_av_one_half  avia-builder-el-first  first flex_column_div  '     ><section  class='av_textblock_section av-mmlnm0nk-18d61c2a6c7b866a178a32aeaa869ae7 '   itemscope=\"itemscope\" itemtype=\"https:\/\/schema.org\/CreativeWork\" ><div class='avia_textblock'  itemprop=\"text\" ><h2 data-section-id=\"10nwdzx\" data-start=\"261\" data-end=\"285\">Angaben gem\u00e4\u00df \u00a7 5 TMG<\/h2>\n<p data-start=\"287\" data-end=\"359\"><strong data-start=\"287\" data-end=\"310\">Fleischerei Petzold<\/strong><br data-start=\"310\" data-end=\"313\" \/>Inhaberin: Fleischermeisterin <strong data-start=\"343\" data-end=\"359\">Carla Langer<\/strong><\/p>\n<p data-start=\"361\" data-end=\"421\">Karlsbader Stra\u00dfe 54<br data-start=\"381\" data-end=\"384\" \/>09456 Annaberg-Buchholz<br data-start=\"407\" data-end=\"410\" \/>Deutschland<\/p>\n<hr data-start=\"423\" data-end=\"426\" \/>\n<h2 data-section-id=\"su23et\" data-start=\"428\" data-end=\"438\">Kontakt<\/h2>\n<p data-start=\"440\" data-end=\"527\">Telefon: <strong data-start=\"449\" data-end=\"466\">03733 \/ 66810<\/strong><br data-start=\"466\" data-end=\"469\" \/>Fax: <strong data-start=\"474\" data-end=\"492\">03733 \/ 671504<\/strong><br data-start=\"492\" data-end=\"495\" \/>E-Mail: <a href=\"mailto:fleischereip@aol.com\"><strong data-start=\"503\" data-end=\"527\">fleischereip@aol.com<\/strong><\/a><\/p>\n<hr data-start=\"529\" data-end=\"532\" \/>\n<h2 data-section-id=\"1qygayx\" data-start=\"534\" data-end=\"558\">Vertretungsberechtigt<\/h2>\n<p data-start=\"560\" data-end=\"632\">Fleischermeister <strong data-start=\"577\" data-end=\"594\">Bernd Petzold<\/strong><br data-start=\"594\" data-end=\"597\" \/>Fleischermeisterin <strong data-start=\"616\" data-end=\"632\">Carla Langer<\/strong><\/p>\n<hr data-start=\"634\" data-end=\"637\" \/>\n<h2 data-section-id=\"22qykd\" data-start=\"639\" data-end=\"658\">Unternehmensform<\/h2>\n<p data-start=\"660\" data-end=\"726\">Einzelunternehmen<br data-start=\"677\" data-end=\"680\" \/>Inhaberin: <strong data-start=\"691\" data-end=\"726\">Fleischermeisterin Carla Langer<\/strong><\/p>\n<hr data-start=\"728\" data-end=\"731\" \/>\n<h2 data-section-id=\"1yifl89\" data-start=\"733\" data-end=\"755\">Haftung f\u00fcr Inhalte<\/h2>\n<p data-start=\"757\" data-end=\"930\">Die Inhalte unserer Seiten wurden mit gr\u00f6\u00dfter Sorgfalt erstellt.<br data-start=\"821\" data-end=\"824\" \/>F\u00fcr die Richtigkeit, Vollst\u00e4ndigkeit und Aktualit\u00e4t der Inhalte k\u00f6nnen wir jedoch keine Gew\u00e4hr \u00fcbernehmen.<\/p>\n<p data-start=\"932\" data-end=\"1287\">Als Diensteanbieter sind wir gem\u00e4\u00df \u00a7 7 Abs.1 TMG f\u00fcr eigene Inhalte auf diesen Seiten nach den allgemeinen Gesetzen verantwortlich. Nach \u00a7\u00a7 8 bis 10 TMG sind wir als Diensteanbieter jedoch nicht verpflichtet, \u00fcbermittelte oder gespeicherte fremde Informationen zu \u00fcberwachen oder nach Umst\u00e4nden zu forschen, die auf eine rechtswidrige T\u00e4tigkeit hinweisen.<\/p>\n<hr data-start=\"1289\" data-end=\"1292\" \/>\n<h2 data-section-id=\"1yqv39p\" data-start=\"1294\" data-end=\"1327\">Haftung f\u00fcr Preise und Angaben<\/h2>\n<p data-start=\"1329\" data-end=\"1597\">Die Fleischerei Petzold ist bem\u00fcht, die Inhalte dieser Website stets aktuell und korrekt bereitzustellen.<br data-start=\"1434\" data-end=\"1437\" \/>Es besteht jedoch <strong data-start=\"1455\" data-end=\"1499\">kein Anspruch auf die angegebenen Preise<\/strong>.<br data-start=\"1500\" data-end=\"1503\" \/>F\u00fcr eventuelle <strong data-start=\"1518\" data-end=\"1566\">Schreibfehler, Preis\u00e4nderungen oder Irrt\u00fcmer<\/strong> wird keine Haftung \u00fcbernommen.<\/p>\n<p data-start=\"1599\" data-end=\"1772\">Die bereitgestellten Informationen dienen ausschlie\u00dflich der allgemeinen Information und sind nicht auf spezielle Bed\u00fcrfnisse einzelner Personen oder Unternehmen abgestimmt.<\/p>\n<hr data-start=\"1774\" data-end=\"1777\" \/>\n<h2 data-section-id=\"18g7ogp\" data-start=\"1779\" data-end=\"1799\">Haftung f\u00fcr Links<\/h2>\n<p data-start=\"1801\" data-end=\"1981\">Unsere Website enth\u00e4lt Links zu externen Websites Dritter, auf deren Inhalte wir keinen Einfluss haben.<br data-start=\"1904\" data-end=\"1907\" \/>Deshalb k\u00f6nnen wir f\u00fcr diese fremden Inhalte auch keine Gew\u00e4hr \u00fcbernehmen.<\/p>\n<p data-start=\"1983\" data-end=\"2095\">F\u00fcr die Inhalte der verlinkten Seiten ist stets der jeweilige Anbieter oder Betreiber der Seiten verantwortlich.<\/p>\n<\/div><\/section><\/div><div  class='flex_column av-av_one_half-538dd737667e19053994a94b9156413b av_one_half  avia-builder-el-4  el_after_av_one_half  avia-builder-el-last  flex_column_div  '     ><style type=\"text\/css\" data-created_by=\"avia_inline_auto\" id=\"style-css-av-mmlnu2gp-3e198f22149e3578fcfe5cdde36b5eb2\">\n.avia-image-container.av-mmlnu2gp-3e198f22149e3578fcfe5cdde36b5eb2 img.avia_image{\nbox-shadow:none;\n}\n.avia-image-container.av-mmlnu2gp-3e198f22149e3578fcfe5cdde36b5eb2 .av-image-caption-overlay-center{\ncolor:#ffffff;\n}\n<\/style>\n<div  class='avia-image-container av-mmlnu2gp-3e198f22149e3578fcfe5cdde36b5eb2 av-styling- avia-align-center  avia-builder-el-5  avia-builder-el-no-sibling '   itemprop=\"image\" itemscope=\"itemscope\" itemtype=\"https:\/\/schema.org\/ImageObject\" ><div class=\"avia-image-container-inner\"><div class=\"avia-image-overlay-wrap\"><img decoding=\"async\" fetchpriority=\"high\" class='wp-image-178 avia-img-lazy-loading-not-178 avia_image ' src=\"https:\/\/www.fleischereipetzold.de\/wp-content\/uploads\/2026\/03\/pork-meat-pork-chop-smoked-traditional-smoked-meat-oak-wooden-table-other-positions-scaled.jpg\" alt='' title='pork-meat-pork-chop-smoked-traditional-smoked-meat-oak-wooden-table-other-positions'  height=\"2560\" width=\"1706\"  itemprop=\"thumbnailUrl\" srcset=\"https:\/\/www.fleischereipetzold.de\/wp-content\/uploads\/2026\/03\/pork-meat-pork-chop-smoked-traditional-smoked-meat-oak-wooden-table-other-positions-scaled.jpg 1706w, https:\/\/www.fleischereipetzold.de\/wp-content\/uploads\/2026\/03\/pork-meat-pork-chop-smoked-traditional-smoked-meat-oak-wooden-table-other-positions-200x300.jpg 200w, https:\/\/www.fleischereipetzold.de\/wp-content\/uploads\/2026\/03\/pork-meat-pork-chop-smoked-traditional-smoked-meat-oak-wooden-table-other-positions-687x1030.jpg 687w, https:\/\/www.fleischereipetzold.de\/wp-content\/uploads\/2026\/03\/pork-meat-pork-chop-smoked-traditional-smoked-meat-oak-wooden-table-other-positions-768x1152.jpg 768w, https:\/\/www.fleischereipetzold.de\/wp-content\/uploads\/2026\/03\/pork-meat-pork-chop-smoked-traditional-smoked-meat-oak-wooden-table-other-positions-1024x1536.jpg 1024w, https:\/\/www.fleischereipetzold.de\/wp-content\/uploads\/2026\/03\/pork-meat-pork-chop-smoked-traditional-smoked-meat-oak-wooden-table-other-positions-1365x2048.jpg 1365w, https:\/\/www.fleischereipetzold.de\/wp-content\/uploads\/2026\/03\/pork-meat-pork-chop-smoked-traditional-smoked-meat-oak-wooden-table-other-positions-1000x1500.jpg 1000w, https:\/\/www.fleischereipetzold.de\/wp-content\/uploads\/2026\/03\/pork-meat-pork-chop-smoked-traditional-smoked-meat-oak-wooden-table-other-positions-470x705.jpg 470w\" sizes=\"(max-width: 1706px) 100vw, 1706px\" \/><\/div><\/div><\/div><\/div><\/p>\n","protected":false},"excerpt":{"rendered":"","protected":false},"author":1,"featured_media":0,"parent":0,"menu_order":0,"comment_status":"closed","ping_status":"closed","template":"","meta":{"footnotes":""},"class_list":["post-122","page","type-page","status-publish","hentry"],"_links":{"self":[{"href":"https:\/\/www.fleischereipetzold.de\/index.php\/wp-json\/wp\/v2\/pages\/122","targetHints":{"allow":["GET"]}}],"collection":[{"href":"https:\/\/www.fleischereipetzold.de\/index.php\/wp-json\/wp\/v2\/pages"}],"about":[{"href":"https:\/\/www.fleischereipetzold.de\/index.php\/wp-json\/wp\/v2\/types\/page"}],"author":[{"embeddable":true,"href":"https:\/\/www.fleischereipetzold.de\/index.php\/wp-json\/wp\/v2\/users\/1"}],"replies":[{"embeddable":true,"href":"https:\/\/www.fleischereipetzold.de\/index.php\/wp-json\/wp\/v2\/comments?post=122"}],"version-history":[{"count":4,"href":"https:\/\/www.fleischereipetzold.de\/index.php\/wp-json\/wp\/v2\/pages\/122\/revisions"}],"predecessor-version":[{"id":180,"href":"https:\/\/www.fleischereipetzold.de\/index.php\/wp-json\/wp\/v2\/pages\/122\/revisions\/180"}],"wp:attachment":[{"href":"https:\/\/www.fleischereipetzold.de\/index.php\/wp-json\/wp\/v2\/media?parent=122"}],"curies":[{"name":"wp","href":"https:\/\/api.w.org\/{rel}","templated":true}]}}